{"id":192,"date":"2015-12-03T16:18:31","date_gmt":"2015-12-03T16:18:31","guid":{"rendered":"http:\/\/www.viaplayradio.se\/?page_id=192"},"modified":"2023-11-29T17:33:29","modified_gmt":"2023-11-29T16:33:29","slug":"power-hit-radio","status":"publish","type":"page","link":"https:\/\/www.viaplayradio.se\/powerhitradio\/","title":{"rendered":"Power Hit Radio"},"content":{"rendered":"<p>Power Hit Radio &#8211; Stockholms Hitstation. Power Hit Radio levererar de senaste beatsen p\u00e5 FM 107.5 i Stockholm. H\u00e4r f\u00e5r du som lyssnar artisterna som \u00e4r hetast p\u00e5 hitlistorna. Stationen har ett fokus p\u00e5 ny musik inom dance\/klubb, hip-hop och R&amp;B. K\u00e4rnartister \u00e4r bland andra; Rihanna, Major Lazer, David Guetta, Zara Larsson, Calvin Harris och Jason Derulo.<\/p>\n","protected":false},"excerpt":{"rendered":"<p>Power Hit Radio &#8211; Stockholms Hitstation. Power Hit Radio levererar de senaste beatsen p\u00e5 FM 107.5 i Stockholm. H\u00e4r f\u00e5r du som lyssnar artisterna som \u00e4r hetast p\u00e5 hitlistorna. Stationen har ett fokus p\u00e5 ny musik inom dance\/klubb, hip-hop och R&amp;B. K\u00e4rnartister \u00e4r bland andra; Rihanna, Major Lazer, David Guetta, Zara Larsson, Calvin Harris och&#8230;  <a class=\"excerpt-read-more\" href=\"https:\/\/www.viaplayradio.se\/powerhitradio\/\" title=\"ReadPower Hit Radio\">L\u00e4s mera &raquo;<\/a><\/p>\n","protected":false},"author":10,"featured_media":8122,"parent":0,"menu_order":0,"comment_status":"closed","ping_status":"closed","template":"station-single.php","meta":{"footnotes":""},"yoast_head":"<!-- This site is optimized with the Yoast SEO plugin v22.9 - https:\/\/yoast.com\/wordpress\/plugins\/seo\/ -->\n<title>Power Hit Radio - Stockholms Hitstation<\/title>\n<meta name=\"description\" content=\"Power Hit Radio - Stockholms Hitstation. Vi levererar de senaste beatsen p\u00e5 FM 107.5 i Stockholm. H\u00e4r f\u00e5r du som lyssnar artisterna som \u00e4r hetast p\u00e5 hitlistorna.\" \/>\n<meta name=\"robots\" content=\"index, follow, max-snippet:-1, max-image-preview:large, max-video-preview:-1\" \/>\n<link rel=\"canonical\" href=\"https:\/\/www.viaplayradio.se\/powerhitradio\/\" \/>\n<meta property=\"og:locale\" content=\"sv_SE\" \/>\n<meta property=\"og:type\" content=\"article\" \/>\n<meta property=\"og:title\" content=\"Power Hit Radio - Stockholms Hitstation\" \/>\n<meta property=\"og:description\" content=\"Power Hit Radio - Stockholms Hitstation. Vi levererar de senaste beatsen p\u00e5 FM 107.5 i Stockholm. H\u00e4r f\u00e5r du som lyssnar artisterna som \u00e4r hetast p\u00e5 hitlistorna.\" \/>\n<meta property=\"og:url\" content=\"https:\/\/www.viaplayradio.se\/powerhitradio\/\" \/>\n<meta property=\"og:site_name\" content=\"Power Hit Radio\" \/>\n<meta property=\"article:modified_time\" content=\"2023-11-29T16:33:29+00:00\" \/>\n<meta property=\"og:image\" content=\"https:\/\/www.viaplayradio.se\/powerhitradio\/wp-content\/uploads\/sites\/6\/2015\/12\/DI-PWR.png\" \/>\n\t<meta property=\"og:image:width\" content=\"1125\" \/>\n\t<meta property=\"og:image:height\" content=\"630\" \/>\n\t<meta property=\"og:image:type\" content=\"image\/png\" \/>\n<meta name=\"twitter:card\" content=\"summary_large_image\" \/>\n<script type=\"application\/ld+json\" class=\"yoast-schema-graph\">{\"@context\":\"https:\/\/schema.org\",\"@graph\":[{\"@type\":\"WebPage\",\"@id\":\"https:\/\/www.viaplayradio.se\/powerhitradio\/\",\"url\":\"https:\/\/www.viaplayradio.se\/powerhitradio\/\",\"name\":\"Power Hit Radio - Stockholms Hitstation\",\"isPartOf\":{\"@id\":\"https:\/\/www.viaplayradio.se\/powerhitradio\/#website\"},\"primaryImageOfPage\":{\"@id\":\"https:\/\/www.viaplayradio.se\/powerhitradio\/#primaryimage\"},\"image\":{\"@id\":\"https:\/\/www.viaplayradio.se\/powerhitradio\/#primaryimage\"},\"thumbnailUrl\":\"https:\/\/www.viaplayradio.se\/powerhitradio\/wp-content\/uploads\/sites\/6\/2015\/12\/DI-PWR.png\",\"datePublished\":\"2015-12-03T16:18:31+00:00\",\"dateModified\":\"2023-11-29T16:33:29+00:00\",\"description\":\"Power Hit Radio - Stockholms Hitstation. Vi levererar de senaste beatsen p\u00e5 FM 107.5 i Stockholm. H\u00e4r f\u00e5r du som lyssnar artisterna som \u00e4r hetast p\u00e5 hitlistorna.\",\"breadcrumb\":{\"@id\":\"https:\/\/www.viaplayradio.se\/powerhitradio\/#breadcrumb\"},\"inLanguage\":\"sv-SE\",\"potentialAction\":[{\"@type\":\"ReadAction\",\"target\":[\"https:\/\/www.viaplayradio.se\/powerhitradio\/\"]}]},{\"@type\":\"ImageObject\",\"inLanguage\":\"sv-SE\",\"@id\":\"https:\/\/www.viaplayradio.se\/powerhitradio\/#primaryimage\",\"url\":\"https:\/\/www.viaplayradio.se\/powerhitradio\/wp-content\/uploads\/sites\/6\/2015\/12\/DI-PWR.png\",\"contentUrl\":\"https:\/\/www.viaplayradio.se\/powerhitradio\/wp-content\/uploads\/sites\/6\/2015\/12\/DI-PWR.png\",\"width\":1125,\"height\":630,\"caption\":\"Power Hit Radio - Feel The Beat\"},{\"@type\":\"BreadcrumbList\",\"@id\":\"https:\/\/www.viaplayradio.se\/powerhitradio\/#breadcrumb\",\"itemListElement\":[{\"@type\":\"ListItem\",\"position\":1,\"name\":\"Hem\",\"item\":\"https:\/\/www.viaplayradio.se\/powerhitradio\/\"},{\"@type\":\"ListItem\",\"position\":2,\"name\":\"Power Hit Radio\"}]},{\"@type\":\"WebSite\",\"@id\":\"https:\/\/www.viaplayradio.se\/powerhitradio\/#website\",\"url\":\"https:\/\/www.viaplayradio.se\/powerhitradio\/\",\"name\":\"Power Hit Radio\",\"description\":\"En till I Like Radio-webbplatser webbplats\",\"potentialAction\":[{\"@type\":\"SearchAction\",\"target\":{\"@type\":\"EntryPoint\",\"urlTemplate\":\"https:\/\/www.viaplayradio.se\/powerhitradio\/?s={search_term_string}\"},\"query-input\":\"required name=search_term_string\"}],\"inLanguage\":\"sv-SE\"}]}<\/script>\n<!-- \/ Yoast SEO plugin. -->","yoast_head_json":{"title":"Power Hit Radio - Stockholms Hitstation","description":"Power Hit Radio - Stockholms Hitstation. Vi levererar de senaste beatsen p\u00e5 FM 107.5 i Stockholm. H\u00e4r f\u00e5r du som lyssnar artisterna som \u00e4r hetast p\u00e5 hitlistorna.","robots":{"index":"index","follow":"follow","max-snippet":"max-snippet:-1","max-image-preview":"max-image-preview:large","max-video-preview":"max-video-preview:-1"},"canonical":"https:\/\/www.viaplayradio.se\/powerhitradio\/","og_locale":"sv_SE","og_type":"article","og_title":"Power Hit Radio - Stockholms Hitstation","og_description":"Power Hit Radio - Stockholms Hitstation. Vi levererar de senaste beatsen p\u00e5 FM 107.5 i Stockholm. H\u00e4r f\u00e5r du som lyssnar artisterna som \u00e4r hetast p\u00e5 hitlistorna.","og_url":"https:\/\/www.viaplayradio.se\/powerhitradio\/","og_site_name":"Power Hit Radio","article_modified_time":"2023-11-29T16:33:29+00:00","og_image":[{"width":1125,"height":630,"url":"https:\/\/www.viaplayradio.se\/powerhitradio\/wp-content\/uploads\/sites\/6\/2015\/12\/DI-PWR.png","type":"image\/png"}],"twitter_card":"summary_large_image","schema":{"@context":"https:\/\/schema.org","@graph":[{"@type":"WebPage","@id":"https:\/\/www.viaplayradio.se\/powerhitradio\/","url":"https:\/\/www.viaplayradio.se\/powerhitradio\/","name":"Power Hit Radio - Stockholms Hitstation","isPartOf":{"@id":"https:\/\/www.viaplayradio.se\/powerhitradio\/#website"},"primaryImageOfPage":{"@id":"https:\/\/www.viaplayradio.se\/powerhitradio\/#primaryimage"},"image":{"@id":"https:\/\/www.viaplayradio.se\/powerhitradio\/#primaryimage"},"thumbnailUrl":"https:\/\/www.viaplayradio.se\/powerhitradio\/wp-content\/uploads\/sites\/6\/2015\/12\/DI-PWR.png","datePublished":"2015-12-03T16:18:31+00:00","dateModified":"2023-11-29T16:33:29+00:00","description":"Power Hit Radio - Stockholms Hitstation. Vi levererar de senaste beatsen p\u00e5 FM 107.5 i Stockholm. H\u00e4r f\u00e5r du som lyssnar artisterna som \u00e4r hetast p\u00e5 hitlistorna.","breadcrumb":{"@id":"https:\/\/www.viaplayradio.se\/powerhitradio\/#breadcrumb"},"inLanguage":"sv-SE","potentialAction":[{"@type":"ReadAction","target":["https:\/\/www.viaplayradio.se\/powerhitradio\/"]}]},{"@type":"ImageObject","inLanguage":"sv-SE","@id":"https:\/\/www.viaplayradio.se\/powerhitradio\/#primaryimage","url":"https:\/\/www.viaplayradio.se\/powerhitradio\/wp-content\/uploads\/sites\/6\/2015\/12\/DI-PWR.png","contentUrl":"https:\/\/www.viaplayradio.se\/powerhitradio\/wp-content\/uploads\/sites\/6\/2015\/12\/DI-PWR.png","width":1125,"height":630,"caption":"Power Hit Radio - Feel The Beat"},{"@type":"BreadcrumbList","@id":"https:\/\/www.viaplayradio.se\/powerhitradio\/#breadcrumb","itemListElement":[{"@type":"ListItem","position":1,"name":"Hem","item":"https:\/\/www.viaplayradio.se\/powerhitradio\/"},{"@type":"ListItem","position":2,"name":"Power Hit Radio"}]},{"@type":"WebSite","@id":"https:\/\/www.viaplayradio.se\/powerhitradio\/#website","url":"https:\/\/www.viaplayradio.se\/powerhitradio\/","name":"Power Hit Radio","description":"En till I Like Radio-webbplatser webbplats","potentialAction":[{"@type":"SearchAction","target":{"@type":"EntryPoint","urlTemplate":"https:\/\/www.viaplayradio.se\/powerhitradio\/?s={search_term_string}"},"query-input":"required name=search_term_string"}],"inLanguage":"sv-SE"}]}},"_links":{"self":[{"href":"https:\/\/www.viaplayradio.se\/powerhitradio\/wp-json\/wp\/v2\/pages\/192"}],"collection":[{"href":"https:\/\/www.viaplayradio.se\/powerhitradio\/wp-json\/wp\/v2\/pages"}],"about":[{"href":"https:\/\/www.viaplayradio.se\/powerhitradio\/wp-json\/wp\/v2\/types\/page"}],"author":[{"embeddable":true,"href":"https:\/\/www.viaplayradio.se\/powerhitradio\/wp-json\/wp\/v2\/users\/10"}],"replies":[{"embeddable":true,"href":"https:\/\/www.viaplayradio.se\/powerhitradio\/wp-json\/wp\/v2\/comments?post=192"}],"version-history":[{"count":2,"href":"https:\/\/www.viaplayradio.se\/powerhitradio\/wp-json\/wp\/v2\/pages\/192\/revisions"}],"predecessor-version":[{"id":24059,"href":"https:\/\/www.viaplayradio.se\/powerhitradio\/wp-json\/wp\/v2\/pages\/192\/revisions\/24059"}],"wp:featuredmedia":[{"embeddable":true,"href":"https:\/\/www.viaplayradio.se\/powerhitradio\/wp-json\/wp\/v2\/media\/8122"}],"wp:attachment":[{"href":"https:\/\/www.viaplayradio.se\/powerhitradio\/wp-json\/wp\/v2\/media?parent=192"}],"curies":[{"name":"wp","href":"https:\/\/api.w.org\/{rel}","templated":true}]}}