{"id":18344,"date":"2016-11-28T15:39:36","date_gmt":"2016-11-28T14:39:36","guid":{"rendered":"https:\/\/www.viaplayradio.se\/?page_id=18344"},"modified":"2017-01-11T23:25:34","modified_gmt":"2017-01-11T22:25:34","slug":"latlista","status":"publish","type":"page","link":"https:\/\/www.viaplayradio.se\/powerhitradio\/latlista\/","title":{"rendered":"L\u00e5tlista Power Hit Radio"},"content":{"rendered":"<p>H\u00e4r hittar du alla\u00a0l\u00e5tar som har spelats p\u00e5 Power Hit Radio\u00a0senaste dagarna. Du kan dessutom f\u00e5 tips p\u00e5 ny musik!<\/p>\n","protected":false},"excerpt":{"rendered":"<p>H\u00e4r hittar du alla\u00a0l\u00e5tar som har spelats p\u00e5 Power Hit Radio\u00a0senaste dagarna. Du kan dessutom f\u00e5 tips p\u00e5 ny musik!<\/p>\n","protected":false},"author":10,"featured_media":18345,"parent":0,"menu_order":0,"comment_status":"closed","ping_status":"closed","template":"station-songlist.php","meta":{"footnotes":""},"yoast_head":"<!-- This site is optimized with the Yoast SEO plugin v22.9 - https:\/\/yoast.com\/wordpress\/plugins\/seo\/ -->\n<title>L\u00e5tlista Power Hit Radio - I LIKE RADIO<\/title>\n<meta name=\"description\" content=\"H\u00e4r hittar du alla l\u00e5tar som har spelats p\u00e5 Power Hit Radio senaste dagarna. Du kan dessutom f\u00e5 tips p\u00e5 ny musik!\" \/>\n<meta name=\"robots\" content=\"index, follow, max-snippet:-1, max-image-preview:large, max-video-preview:-1\" \/>\n<link rel=\"canonical\" href=\"https:\/\/www.viaplayradio.se\/powerhitradio\/latlista\/\" \/>\n<meta property=\"og:locale\" content=\"sv_SE\" \/>\n<meta property=\"og:type\" content=\"article\" \/>\n<meta property=\"og:title\" content=\"L\u00e5tlista Power Hit Radio - I LIKE RADIO\" \/>\n<meta property=\"og:description\" content=\"H\u00e4r hittar du alla l\u00e5tar som har spelats p\u00e5 Power Hit Radio senaste dagarna. Du kan dessutom f\u00e5 tips p\u00e5 ny musik!\" \/>\n<meta property=\"og:url\" content=\"https:\/\/www.viaplayradio.se\/powerhitradio\/latlista\/\" \/>\n<meta property=\"og:site_name\" content=\"Power Hit Radio\" \/>\n<meta property=\"article:modified_time\" content=\"2017-01-11T22:25:34+00:00\" \/>\n<meta property=\"og:image\" content=\"https:\/\/www.viaplayradio.se\/powerhitradio\/wp-content\/uploads\/sites\/6\/2016\/11\/DI-PWR.jpg\" \/>\n\t<meta property=\"og:image:width\" content=\"1125\" \/>\n\t<meta property=\"og:image:height\" content=\"630\" \/>\n\t<meta property=\"og:image:type\" content=\"image\/jpeg\" \/>\n<meta name=\"twitter:card\" content=\"summary_large_image\" \/>\n<script type=\"application\/ld+json\" class=\"yoast-schema-graph\">{\"@context\":\"https:\/\/schema.org\",\"@graph\":[{\"@type\":\"WebPage\",\"@id\":\"https:\/\/www.viaplayradio.se\/powerhitradio\/latlista\/\",\"url\":\"https:\/\/www.viaplayradio.se\/powerhitradio\/latlista\/\",\"name\":\"L\u00e5tlista Power Hit Radio - I LIKE RADIO\",\"isPartOf\":{\"@id\":\"https:\/\/www.viaplayradio.se\/powerhitradio\/#website\"},\"primaryImageOfPage\":{\"@id\":\"https:\/\/www.viaplayradio.se\/powerhitradio\/latlista\/#primaryimage\"},\"image\":{\"@id\":\"https:\/\/www.viaplayradio.se\/powerhitradio\/latlista\/#primaryimage\"},\"thumbnailUrl\":\"https:\/\/www.viaplayradio.se\/powerhitradio\/wp-content\/uploads\/sites\/6\/2016\/11\/DI-PWR.jpg\",\"datePublished\":\"2016-11-28T14:39:36+00:00\",\"dateModified\":\"2017-01-11T22:25:34+00:00\",\"description\":\"H\u00e4r hittar du alla l\u00e5tar som har spelats p\u00e5 Power Hit Radio senaste dagarna. Du kan dessutom f\u00e5 tips p\u00e5 ny musik!\",\"breadcrumb\":{\"@id\":\"https:\/\/www.viaplayradio.se\/powerhitradio\/latlista\/#breadcrumb\"},\"inLanguage\":\"sv-SE\",\"potentialAction\":[{\"@type\":\"ReadAction\",\"target\":[\"https:\/\/www.viaplayradio.se\/powerhitradio\/latlista\/\"]}]},{\"@type\":\"ImageObject\",\"inLanguage\":\"sv-SE\",\"@id\":\"https:\/\/www.viaplayradio.se\/powerhitradio\/latlista\/#primaryimage\",\"url\":\"https:\/\/www.viaplayradio.se\/powerhitradio\/wp-content\/uploads\/sites\/6\/2016\/11\/DI-PWR.jpg\",\"contentUrl\":\"https:\/\/www.viaplayradio.se\/powerhitradio\/wp-content\/uploads\/sites\/6\/2016\/11\/DI-PWR.jpg\",\"width\":1125,\"height\":630},{\"@type\":\"BreadcrumbList\",\"@id\":\"https:\/\/www.viaplayradio.se\/powerhitradio\/latlista\/#breadcrumb\",\"itemListElement\":[{\"@type\":\"ListItem\",\"position\":1,\"name\":\"Hem\",\"item\":\"https:\/\/www.viaplayradio.se\/powerhitradio\/\"},{\"@type\":\"ListItem\",\"position\":2,\"name\":\"L\u00e5tlista Power Hit Radio\"}]},{\"@type\":\"WebSite\",\"@id\":\"https:\/\/www.viaplayradio.se\/powerhitradio\/#website\",\"url\":\"https:\/\/www.viaplayradio.se\/powerhitradio\/\",\"name\":\"Power Hit Radio\",\"description\":\"En till I Like Radio-webbplatser webbplats\",\"potentialAction\":[{\"@type\":\"SearchAction\",\"target\":{\"@type\":\"EntryPoint\",\"urlTemplate\":\"https:\/\/www.viaplayradio.se\/powerhitradio\/?s={search_term_string}\"},\"query-input\":\"required name=search_term_string\"}],\"inLanguage\":\"sv-SE\"}]}<\/script>\n<!-- \/ Yoast SEO plugin. -->","yoast_head_json":{"title":"L\u00e5tlista Power Hit Radio - I LIKE RADIO","description":"H\u00e4r hittar du alla l\u00e5tar som har spelats p\u00e5 Power Hit Radio senaste dagarna. Du kan dessutom f\u00e5 tips p\u00e5 ny musik!","robots":{"index":"index","follow":"follow","max-snippet":"max-snippet:-1","max-image-preview":"max-image-preview:large","max-video-preview":"max-video-preview:-1"},"canonical":"https:\/\/www.viaplayradio.se\/powerhitradio\/latlista\/","og_locale":"sv_SE","og_type":"article","og_title":"L\u00e5tlista Power Hit Radio - I LIKE RADIO","og_description":"H\u00e4r hittar du alla l\u00e5tar som har spelats p\u00e5 Power Hit Radio senaste dagarna. Du kan dessutom f\u00e5 tips p\u00e5 ny musik!","og_url":"https:\/\/www.viaplayradio.se\/powerhitradio\/latlista\/","og_site_name":"Power Hit Radio","article_modified_time":"2017-01-11T22:25:34+00:00","og_image":[{"width":1125,"height":630,"url":"https:\/\/www.viaplayradio.se\/powerhitradio\/wp-content\/uploads\/sites\/6\/2016\/11\/DI-PWR.jpg","type":"image\/jpeg"}],"twitter_card":"summary_large_image","schema":{"@context":"https:\/\/schema.org","@graph":[{"@type":"WebPage","@id":"https:\/\/www.viaplayradio.se\/powerhitradio\/latlista\/","url":"https:\/\/www.viaplayradio.se\/powerhitradio\/latlista\/","name":"L\u00e5tlista Power Hit Radio - I LIKE RADIO","isPartOf":{"@id":"https:\/\/www.viaplayradio.se\/powerhitradio\/#website"},"primaryImageOfPage":{"@id":"https:\/\/www.viaplayradio.se\/powerhitradio\/latlista\/#primaryimage"},"image":{"@id":"https:\/\/www.viaplayradio.se\/powerhitradio\/latlista\/#primaryimage"},"thumbnailUrl":"https:\/\/www.viaplayradio.se\/powerhitradio\/wp-content\/uploads\/sites\/6\/2016\/11\/DI-PWR.jpg","datePublished":"2016-11-28T14:39:36+00:00","dateModified":"2017-01-11T22:25:34+00:00","description":"H\u00e4r hittar du alla l\u00e5tar som har spelats p\u00e5 Power Hit Radio senaste dagarna. Du kan dessutom f\u00e5 tips p\u00e5 ny musik!","breadcrumb":{"@id":"https:\/\/www.viaplayradio.se\/powerhitradio\/latlista\/#breadcrumb"},"inLanguage":"sv-SE","potentialAction":[{"@type":"ReadAction","target":["https:\/\/www.viaplayradio.se\/powerhitradio\/latlista\/"]}]},{"@type":"ImageObject","inLanguage":"sv-SE","@id":"https:\/\/www.viaplayradio.se\/powerhitradio\/latlista\/#primaryimage","url":"https:\/\/www.viaplayradio.se\/powerhitradio\/wp-content\/uploads\/sites\/6\/2016\/11\/DI-PWR.jpg","contentUrl":"https:\/\/www.viaplayradio.se\/powerhitradio\/wp-content\/uploads\/sites\/6\/2016\/11\/DI-PWR.jpg","width":1125,"height":630},{"@type":"BreadcrumbList","@id":"https:\/\/www.viaplayradio.se\/powerhitradio\/latlista\/#breadcrumb","itemListElement":[{"@type":"ListItem","position":1,"name":"Hem","item":"https:\/\/www.viaplayradio.se\/powerhitradio\/"},{"@type":"ListItem","position":2,"name":"L\u00e5tlista Power Hit Radio"}]},{"@type":"WebSite","@id":"https:\/\/www.viaplayradio.se\/powerhitradio\/#website","url":"https:\/\/www.viaplayradio.se\/powerhitradio\/","name":"Power Hit Radio","description":"En till I Like Radio-webbplatser webbplats","potentialAction":[{"@type":"SearchAction","target":{"@type":"EntryPoint","urlTemplate":"https:\/\/www.viaplayradio.se\/powerhitradio\/?s={search_term_string}"},"query-input":"required name=search_term_string"}],"inLanguage":"sv-SE"}]}},"_links":{"self":[{"href":"https:\/\/www.viaplayradio.se\/powerhitradio\/wp-json\/wp\/v2\/pages\/18344"}],"collection":[{"href":"https:\/\/www.viaplayradio.se\/powerhitradio\/wp-json\/wp\/v2\/pages"}],"about":[{"href":"https:\/\/www.viaplayradio.se\/powerhitradio\/wp-json\/wp\/v2\/types\/page"}],"author":[{"embeddable":true,"href":"https:\/\/www.viaplayradio.se\/powerhitradio\/wp-json\/wp\/v2\/users\/10"}],"replies":[{"embeddable":true,"href":"https:\/\/www.viaplayradio.se\/powerhitradio\/wp-json\/wp\/v2\/comments?post=18344"}],"version-history":[{"count":1,"href":"https:\/\/www.viaplayradio.se\/powerhitradio\/wp-json\/wp\/v2\/pages\/18344\/revisions"}],"predecessor-version":[{"id":20066,"href":"https:\/\/www.viaplayradio.se\/powerhitradio\/wp-json\/wp\/v2\/pages\/18344\/revisions\/20066"}],"wp:featuredmedia":[{"embeddable":true,"href":"https:\/\/www.viaplayradio.se\/powerhitradio\/wp-json\/wp\/v2\/media\/18345"}],"wp:attachment":[{"href":"https:\/\/www.viaplayradio.se\/powerhitradio\/wp-json\/wp\/v2\/media?parent=18344"}],"curies":[{"name":"wp","href":"https:\/\/api.w.org\/{rel}","templated":true}]}}