{"id":15886,"date":"2016-09-20T14:16:10","date_gmt":"2016-09-20T12:16:10","guid":{"rendered":"https:\/\/www.viaplayradio.se\/?page_id=15886"},"modified":"2017-01-11T23:26:36","modified_gmt":"2017-01-11T22:26:36","slug":"category","status":"publish","type":"page","link":"https:\/\/www.viaplayradio.se\/powerhitradio\/lyssna-igen\/program\/category\/","title":{"rendered":"Power Hit Radio Program"},"content":{"rendered":"","protected":false},"excerpt":{"rendered":"","protected":false},"author":10,"featured_media":0,"parent":15884,"menu_order":0,"comment_status":"closed","ping_status":"closed","template":"listen-again-category.php","meta":{"footnotes":""},"yoast_head":"<!-- This site is optimized with the Yoast SEO plugin v22.9 - https:\/\/yoast.com\/wordpress\/plugins\/seo\/ -->\n<title>Power Hit Radio - Lyssna igen<\/title>\n<meta name=\"description\" content=\"Lyssna p\u00e5 h\u00f6jdpunkterna fr\u00e5n Power Hit Radio.\" \/>\n<meta name=\"robots\" content=\"index, follow, max-snippet:-1, max-image-preview:large, max-video-preview:-1\" \/>\n<link rel=\"canonical\" href=\"https:\/\/www.viaplayradio.se\/powerhitradio\/lyssna-igen\/program\/category\/\" \/>\n<meta property=\"og:locale\" content=\"sv_SE\" \/>\n<meta property=\"og:type\" content=\"article\" \/>\n<meta property=\"og:title\" content=\"Power Hit Radio - Lyssna igen\" \/>\n<meta property=\"og:description\" content=\"Lyssna p\u00e5 h\u00f6jdpunkterna fr\u00e5n Power Hit Radio.\" \/>\n<meta property=\"og:url\" content=\"https:\/\/www.viaplayradio.se\/powerhitradio\/lyssna-igen\/program\/category\/\" \/>\n<meta property=\"og:site_name\" content=\"Power Hit Radio\" \/>\n<meta property=\"article:modified_time\" content=\"2017-01-11T22:26:36+00:00\" \/>\n<meta name=\"twitter:card\" content=\"summary_large_image\" \/>\n<script type=\"application\/ld+json\" class=\"yoast-schema-graph\">{\"@context\":\"https:\/\/schema.org\",\"@graph\":[{\"@type\":\"WebPage\",\"@id\":\"https:\/\/www.viaplayradio.se\/powerhitradio\/lyssna-igen\/program\/category\/\",\"url\":\"https:\/\/www.viaplayradio.se\/powerhitradio\/lyssna-igen\/program\/category\/\",\"name\":\"Power Hit Radio - Lyssna igen\",\"isPartOf\":{\"@id\":\"https:\/\/www.viaplayradio.se\/powerhitradio\/#website\"},\"datePublished\":\"2016-09-20T12:16:10+00:00\",\"dateModified\":\"2017-01-11T22:26:36+00:00\",\"description\":\"Lyssna p\u00e5 h\u00f6jdpunkterna fr\u00e5n Power Hit Radio.\",\"breadcrumb\":{\"@id\":\"https:\/\/www.viaplayradio.se\/powerhitradio\/lyssna-igen\/program\/category\/#breadcrumb\"},\"inLanguage\":\"sv-SE\",\"potentialAction\":[{\"@type\":\"ReadAction\",\"target\":[\"https:\/\/www.viaplayradio.se\/powerhitradio\/lyssna-igen\/program\/category\/\"]}]},{\"@type\":\"BreadcrumbList\",\"@id\":\"https:\/\/www.viaplayradio.se\/powerhitradio\/lyssna-igen\/program\/category\/#breadcrumb\",\"itemListElement\":[{\"@type\":\"ListItem\",\"position\":1,\"name\":\"Hem\",\"item\":\"https:\/\/www.viaplayradio.se\/powerhitradio\/\"},{\"@type\":\"ListItem\",\"position\":2,\"name\":\"Lyssna igen\",\"item\":\"https:\/\/www.viaplayradio.se\/powerhitradio\/lyssna-igen\/\"},{\"@type\":\"ListItem\",\"position\":3,\"name\":\"Program\",\"item\":\"https:\/\/www.viaplayradio.se\/powerhitradio\/lyssna-igen\/program\/\"},{\"@type\":\"ListItem\",\"position\":4,\"name\":\"Power Hit Radio Program\"}]},{\"@type\":\"WebSite\",\"@id\":\"https:\/\/www.viaplayradio.se\/powerhitradio\/#website\",\"url\":\"https:\/\/www.viaplayradio.se\/powerhitradio\/\",\"name\":\"Power Hit Radio\",\"description\":\"En till I Like Radio-webbplatser webbplats\",\"potentialAction\":[{\"@type\":\"SearchAction\",\"target\":{\"@type\":\"EntryPoint\",\"urlTemplate\":\"https:\/\/www.viaplayradio.se\/powerhitradio\/?s={search_term_string}\"},\"query-input\":\"required name=search_term_string\"}],\"inLanguage\":\"sv-SE\"}]}<\/script>\n<!-- \/ Yoast SEO plugin. -->","yoast_head_json":{"title":"Power Hit Radio - Lyssna igen","description":"Lyssna p\u00e5 h\u00f6jdpunkterna fr\u00e5n Power Hit Radio.","robots":{"index":"index","follow":"follow","max-snippet":"max-snippet:-1","max-image-preview":"max-image-preview:large","max-video-preview":"max-video-preview:-1"},"canonical":"https:\/\/www.viaplayradio.se\/powerhitradio\/lyssna-igen\/program\/category\/","og_locale":"sv_SE","og_type":"article","og_title":"Power Hit Radio - Lyssna igen","og_description":"Lyssna p\u00e5 h\u00f6jdpunkterna fr\u00e5n Power Hit Radio.","og_url":"https:\/\/www.viaplayradio.se\/powerhitradio\/lyssna-igen\/program\/category\/","og_site_name":"Power Hit Radio","article_modified_time":"2017-01-11T22:26:36+00:00","twitter_card":"summary_large_image","schema":{"@context":"https:\/\/schema.org","@graph":[{"@type":"WebPage","@id":"https:\/\/www.viaplayradio.se\/powerhitradio\/lyssna-igen\/program\/category\/","url":"https:\/\/www.viaplayradio.se\/powerhitradio\/lyssna-igen\/program\/category\/","name":"Power Hit Radio - Lyssna igen","isPartOf":{"@id":"https:\/\/www.viaplayradio.se\/powerhitradio\/#website"},"datePublished":"2016-09-20T12:16:10+00:00","dateModified":"2017-01-11T22:26:36+00:00","description":"Lyssna p\u00e5 h\u00f6jdpunkterna fr\u00e5n Power Hit Radio.","breadcrumb":{"@id":"https:\/\/www.viaplayradio.se\/powerhitradio\/lyssna-igen\/program\/category\/#breadcrumb"},"inLanguage":"sv-SE","potentialAction":[{"@type":"ReadAction","target":["https:\/\/www.viaplayradio.se\/powerhitradio\/lyssna-igen\/program\/category\/"]}]},{"@type":"BreadcrumbList","@id":"https:\/\/www.viaplayradio.se\/powerhitradio\/lyssna-igen\/program\/category\/#breadcrumb","itemListElement":[{"@type":"ListItem","position":1,"name":"Hem","item":"https:\/\/www.viaplayradio.se\/powerhitradio\/"},{"@type":"ListItem","position":2,"name":"Lyssna igen","item":"https:\/\/www.viaplayradio.se\/powerhitradio\/lyssna-igen\/"},{"@type":"ListItem","position":3,"name":"Program","item":"https:\/\/www.viaplayradio.se\/powerhitradio\/lyssna-igen\/program\/"},{"@type":"ListItem","position":4,"name":"Power Hit Radio Program"}]},{"@type":"WebSite","@id":"https:\/\/www.viaplayradio.se\/powerhitradio\/#website","url":"https:\/\/www.viaplayradio.se\/powerhitradio\/","name":"Power Hit Radio","description":"En till I Like Radio-webbplatser webbplats","potentialAction":[{"@type":"SearchAction","target":{"@type":"EntryPoint","urlTemplate":"https:\/\/www.viaplayradio.se\/powerhitradio\/?s={search_term_string}"},"query-input":"required name=search_term_string"}],"inLanguage":"sv-SE"}]}},"_links":{"self":[{"href":"https:\/\/www.viaplayradio.se\/powerhitradio\/wp-json\/wp\/v2\/pages\/15886"}],"collection":[{"href":"https:\/\/www.viaplayradio.se\/powerhitradio\/wp-json\/wp\/v2\/pages"}],"about":[{"href":"https:\/\/www.viaplayradio.se\/powerhitradio\/wp-json\/wp\/v2\/types\/page"}],"author":[{"embeddable":true,"href":"https:\/\/www.viaplayradio.se\/powerhitradio\/wp-json\/wp\/v2\/users\/10"}],"replies":[{"embeddable":true,"href":"https:\/\/www.viaplayradio.se\/powerhitradio\/wp-json\/wp\/v2\/comments?post=15886"}],"version-history":[{"count":1,"href":"https:\/\/www.viaplayradio.se\/powerhitradio\/wp-json\/wp\/v2\/pages\/15886\/revisions"}],"predecessor-version":[{"id":20067,"href":"https:\/\/www.viaplayradio.se\/powerhitradio\/wp-json\/wp\/v2\/pages\/15886\/revisions\/20067"}],"up":[{"embeddable":true,"href":"https:\/\/www.viaplayradio.se\/powerhitradio\/wp-json\/wp\/v2\/pages\/15884"}],"wp:attachment":[{"href":"https:\/\/www.viaplayradio.se\/powerhitradio\/wp-json\/wp\/v2\/media?parent=15886"}],"curies":[{"name":"wp","href":"https:\/\/api.w.org\/{rel}","templated":true}]}}